{"id":63,"date":"2014-08-01T13:17:31","date_gmt":"2014-08-01T13:17:31","guid":{"rendered":"http:\/\/www.academiamaranhense.org.br\/inf_aml\/?page_id=63"},"modified":"2014-08-01T21:27:35","modified_gmt":"2014-08-01T21:27:35","slug":"biblioteca-astolfo-marques","status":"publish","type":"page","link":"https:\/\/www.academiamaranhense.org.br\/inf_aml\/biblioteca-astolfo-marques\/","title":{"rendered":"Biblioteca Astolfo Marques"},"content":{"rendered":"<div class=\"biblioteca\">\n<p><img loading=\"lazy\" class=\"alignleft wp-image-166 size-full\" src=\"http:\/\/www.academiamaranhense.org.br\/inf_aml\/wp-content\/uploads\/2014\/08\/biblio.gif\" alt=\"biblio\" width=\"286\" height=\"226\" \/>O acervo da biblioteca Astolfo Marques, da Academia Maranhense de Letras, destinada a reunir e manter o acervo bibliogr\u00e1fico maranhense mais completo poss\u00edvel, comp\u00f5e-se, aproximadamente,de 6 mil t\u00edtulos. Do total, cerca de 200 t\u00edtulos se referem a obras de arte, a exemplo de \u00e1lbuns fotogr\u00e1ficos, gravuras, etc.<\/p>\n<p>&nbsp;<br \/>\nContam-se, ainda, diversas obras de refer\u00eancias, cabendo fazer destaque de enciclop\u00e9dias e dicion\u00e1rios do s\u00e9culo XIX, obras raras dos s\u00e9culos XVII, XVIII e XIX, em particular as de origem portuguesa e francesa, e cole\u00e7\u00e3o de originais manuscritos dos s\u00e9culos XIX e XX. Algumas das primeiras edi\u00e7\u00f5es s\u00e3o:<\/p>\n<ul>\n<li>1) O mulato, de Alu\u00edsio Azevedo, de 1881.<\/li>\n<li>2) Obras, de Jo\u00e3o Lisboa, de 1864-1865, em 4 volumes.<\/li>\n<li>3) Hist\u00f3ria da Independ\u00eancia do Maranh\u00e3o: 1822-1828, de Lu\u00eds Ant\u00f4nio Vieira da Silva, de 1862.<\/li>\n<li>4) Pantheon Maranhense: Ensaios biographicos dos maranhenses illustres j\u00e1 falecidos, de Henriques Leal, de 1874, em 4 volumes.<\/li>\n<li>5) Annaes hist\u00f3ricos do Estado do Maranh\u00e3o, de Bernardo Pereira de Berredo Castro, de 1749, impresso em Floren\u00e7a, obra que serviu de refer\u00eancia a Robert Southey e Varnhagem. H\u00e1 tamb\u00e9m as outras tr\u00eas edi\u00e7\u00f5es dos Annaes.<\/li>\n<\/ul>\n<p>O acervo da Academia tem ainda extensa camoniana com t\u00edtulos de Cam\u00f5es e sobre Cam\u00f5es.<\/p>\n<p>Segundo o disposto no Regimento Interno (art. 63, \u00a7 2\u00ba), as consultas ao acervo por pesquisadores dar-se-\u00e3o na pr\u00f3pria Biblioteca, mediante pr\u00e9vio preenchimento de formul\u00e1rio espec\u00edfico. Somente aos acad\u00eamicos poder\u00e3o ser emprestadas obras, exclu\u00eddas as classificadas como raridades bibliogr\u00e1ficas.<\/p>\n<\/div>\n","protected":false},"excerpt":{"rendered":"<p>O acervo da biblioteca Astolfo Marques, da Academia Maranhense de Letras, destinada a reunir e manter o acervo bibliogr\u00e1fico maranhense mais completo poss\u00edvel, comp\u00f5e-se, aproximadamente,de 6 mil t\u00edtulos. Do total, cerca de 200 t\u00edtulos se referem a obras de arte, a exemplo de \u00e1lbuns fotogr\u00e1ficos, gravuras, etc. &nbsp; Contam-se, ainda, diversas obras de refer\u00eancias, cabendo [&hellip;]<\/p>\n","protected":false},"author":1,"featured_media":0,"parent":0,"menu_order":0,"comment_status":"open","ping_status":"closed","template":"","meta":[],"_links":{"self":[{"href":"https:\/\/www.academiamaranhense.org.br\/inf_aml\/wp-json\/wp\/v2\/pages\/63"}],"collection":[{"href":"https:\/\/www.academiamaranhense.org.br\/inf_aml\/wp-json\/wp\/v2\/pages"}],"about":[{"href":"https:\/\/www.academiamaranhense.org.br\/inf_aml\/wp-json\/wp\/v2\/types\/page"}],"author":[{"embeddable":true,"href":"https:\/\/www.academiamaranhense.org.br\/inf_aml\/wp-json\/wp\/v2\/users\/1"}],"replies":[{"embeddable":true,"href":"https:\/\/www.academiamaranhense.org.br\/inf_aml\/wp-json\/wp\/v2\/comments?post=63"}],"version-history":[{"count":11,"href":"https:\/\/www.academiamaranhense.org.br\/inf_aml\/wp-json\/wp\/v2\/pages\/63\/revisions"}],"predecessor-version":[{"id":169,"href":"https:\/\/www.academiamaranhense.org.br\/inf_aml\/wp-json\/wp\/v2\/pages\/63\/revisions\/169"}],"wp:attachment":[{"href":"https:\/\/www.academiamaranhense.org.br\/inf_aml\/wp-json\/wp\/v2\/media?parent=63"}],"curies":[{"name":"wp","href":"https:\/\/api.w.org\/{rel}","templated":true}]}}