{"id":343,"date":"2014-08-05T15:22:33","date_gmt":"2014-08-05T15:22:33","guid":{"rendered":"http:\/\/www.academiamaranhense.org.br\/inf_aml\/?page_id=343"},"modified":"2020-10-07T11:27:55","modified_gmt":"2020-10-07T14:27:55","slug":"antecessores","status":"publish","type":"page","link":"https:\/\/www.academiamaranhense.org.br\/inf_aml\/antecessores\/","title":{"rendered":"Antecessores"},"content":{"rendered":"<div class=\"antecessores\">\n<table id=\"fundadores\" border=\"1\" width=\"523\" cellspacing=\"0\" cellpadding=\"0\">\n<tbody>\n<tr>\n<td valign=\"top\" width=\"128\" height=\"51\"><strong>Cadeira 1<\/strong><br \/>\nLu\u00eds Carvalho; \u00a0Antenor Bog\u00e9a<br \/>\n<strong>Fundador da Cadeira:<\/strong> Barbosa de Godois<\/td>\n<td valign=\"top\" width=\"128\"><strong>Cadeira 2<\/strong><br \/>\nFernando Viana;<br \/>\n<a href=\"http:\/\/www.academiamaranhense.org.br\/inf_aml\/waldemiro-antonio-bacelar-viana\/\">Waldemiro Viana<\/a><br \/>\n<strong>Fundador da Cadeira:<\/strong> Domingos Barbosa<\/td>\n<td valign=\"top\" width=\"139\"><strong>Cadeira 3<\/strong><br \/>\nJo\u00e3o da Costa Gomes; Assis Garrido; Jo\u00e3o Mohana e Amaral de Mattos<br \/>\n<strong>Fundador da Cadeira:<\/strong> Ant\u00f4nio da Costa Gomes<\/td>\n<td valign=\"top\" width=\"120\"><strong>Cadeira 4<\/strong><br \/>\nLuiz de Moraes R\u00eago<br \/>\n<strong>Fundador da Cadeira:<\/strong> Justo Jansen<\/td>\n<\/tr>\n<tr>\n<td valign=\"top\" height=\"74\"><strong>Cadeira 5<\/strong><br \/>\nLago Burnett; Clovis Sena<br \/>\n<strong>Fundador da Cadeira:<\/strong> Fran Paxeco<\/td>\n<td valign=\"top\"><strong>Cadeira 6<\/strong><br \/>\nReis Perdig\u00e3o; Eloy Coelho Netto<br \/>\n<strong>Fundador da Cadeira:<\/strong> Luso Torres<\/td>\n<td valign=\"top\"><strong>Cadeira 7<\/strong><br \/>\nLucy Teixeira; Carlos de Lima<br \/>\n<strong>Fundador da Cadeira:<\/strong> Alfredo de Assis Castro<\/td>\n<td valign=\"top\"><strong>Cadeira 8<\/strong><br \/>\nJer\u00f4nimo de Viveiros; Jo\u00e3o Freire Medeiros; Jos\u00e9 de Ribamar C. Caldeira<br \/>\n<strong>Fundador da Cadeira:<\/strong> A. Vieira da Silva<\/td>\n<\/tr>\n<tr>\n<td valign=\"top\"><strong>Cadeira 9<\/strong><br \/>\nCatulo da Paix\u00e3o Cearense; M\u00e1rio M. Meireles;\u00a0<a href=\"http:\/\/www.academiamaranhense.org.br\/inf_aml\/jose-maria-ramos-martins\/\">Jos\u00e9 Maria Ramos Martins<\/a><br \/>\n<strong>Fundador da Cadeira:<\/strong> I. Xavier de Carvalho<\/td>\n<td valign=\"top\"><strong>Cadeira 10<\/strong><br \/>\nLu\u00eds Domingues da Silva; Henrique Costa Fernandes;\u00a0<a href=\"http:\/\/www.academiamaranhense.org.br\/inf_aml\/jomar-moraes\/\">Jomar Moraes<\/a><br \/>\n<strong>Fundador da Cadeira:<\/strong> Astolfo Marques<\/td>\n<td valign=\"top\"><strong>Cadeira 11<\/strong><br \/>\nNascimento Moraes; Manoel Caetano Bandeira de Mello<br \/>\n<strong>Fundador da Cadeira:<\/strong> Ribeiro do Amaral<\/td>\n<td valign=\"top\"><strong>Cadeira 12<\/strong><br \/>\nOdylo\u00a0de Moura\u00a0Costa, filho<strong>;\u00a0<\/strong><a href=\"http:\/\/www.academiamaranhense.org.br\/inf_aml\/evandro-sarney\/\">Evandro Sarney<\/a><b>.<\/b><br \/>\n<strong>Fundador da Cadeira:<\/strong> <strong>Clodomir<\/strong>\u00a0Serra Serr\u00e3o\u00a0<strong>Cardoso<\/strong><\/td>\n<\/tr>\n<tr>\n<td valign=\"top\"><strong>Cadeira 13<\/strong><br \/>\nClarindo Santiago; Ant\u00f4nio Lopes; Fernando Perdig\u00e3o<br \/>\n<strong>Fundador da Cadeira:<\/strong> Almeida Nunes<\/td>\n<td valign=\"top\"><strong>Cadeira 14<\/strong><br \/>\nAchilles Lisboa; Odilon Soares; Bernardo Almeida<br \/>\n<strong>Fundador da Cadeira:<\/strong> Ant\u00f4nio Lobo<\/td>\n<td valign=\"top\"><strong>Cadeira 15<\/strong><br \/>\nSilvestre Fernandes; Erasmo Dias; <a href=\"http:\/\/www.academiamaranhense.org.br\/inf_aml\/milson-de-souza-coutinho\/\">Milson Coutinho<\/a><br \/>\n<strong>Fundador da Cadeira:<\/strong> Godofredo Viana<\/td>\n<td valign=\"top\"><strong>Cadeira 16<\/strong><br \/>\nDomingos Vieira Filho; Paulo Nascimento Moraes; Neiva Moreira<br \/>\n<strong>Fundador da Cadeira:<\/strong> Corr\u00eaa de Ara\u00fajo<\/td>\n<\/tr>\n<tr>\n<td valign=\"top\"><strong>Cadeira 17<\/strong><br \/>\nMata Roma; Fernando Barbosa de Carvalho; A. L. Bacelar Viana<br \/>\n<strong>Fundador da Cadeira:<\/strong> Jos\u00e9 Augusto Corr\u00eaa<\/td>\n<td valign=\"top\"><strong>Cadeira 18<\/strong><br \/>\nAstolfo Serra; <a href=\"http:\/\/www.academiamaranhense.org.br\/inf_aml\/manuel-de-jesus-lopes\/\">Manoel Lopes<\/a><br \/>\n<strong>Fundador da Cadeira:<\/strong> Clodoaldo Freitas<\/td>\n<td valign=\"top\"><strong>Cadeira 19<\/strong><br \/>\nManoel Sobrinho; Ribamar Carvalho e Emilio Azevedo<br \/>\n<strong>Fundador da Cadeira:<\/strong> Maranh\u00e3o Sobrinho<\/td>\n<td valign=\"top\"><strong>Cadeira 20<\/strong><br \/>\nConcei\u00e7\u00e3o Neves Aboud<br \/>\n<strong>Fundador da Cadeira:<\/strong> Barros e Vasconcelos<\/td>\n<\/tr>\n<tr>\n<td valign=\"top\"><strong>Cadeira 21<\/strong><br \/>\nIsaac Ferreira; Salom\u00e3o Fiquene; Nonnato Masson;\u00a0<a href=\"http:\/\/www.academiamaranhense.org.br\/inf_aml\/helio-maranhao\/\">H\u00e9lio Maranh\u00e3o<\/a><br \/>\n<strong>Fundador da Cadeira:<\/strong> Raimundo Lopes<\/td>\n<td valign=\"top\"><strong>Cadeira 22<\/strong><br \/>\nCorreia da Silva<br \/>\n<strong>Fundador da Cadeira:<\/strong> Ribamar Pinheiro<\/td>\n<td valign=\"top\"><strong>Cadeira 23<\/strong><br \/>\nNunes Pereira; Jos\u00e9 Filgueiras<br \/>\n<strong>Fundador da Cadeira:<\/strong> Clodoaldo Cardoso<\/td>\n<td valign=\"top\"><strong>Cadeira 24<\/strong><br \/>\nDagmar Dest\u00earro<br \/>\n<strong>Fundador da Cadeira:<\/strong> Joaquim Dourado<\/td>\n<\/tr>\n<tr>\n<td valign=\"top\"><strong>Cadeira 25<\/strong><br \/>\nRaul de Freitas; Virg\u00edlio Domingues Filho; <a href=\"http:\/\/www.academiamaranhense.org.br\/inf_aml\/jose-de-jesus-louzeiro\/\">Jos\u00e9 Louzeiro<\/a><br \/>\n<strong>Fundador da Cadeira:<\/strong> Oliveira Roma<\/td>\n<td valign=\"top\"><strong>Cadeira 26<\/strong><br \/>\nJos\u00e9 Jansen; Ignacio de Mour\u00e3o Rangel<br \/>\n<strong>Fundadora da Cadeira:<\/strong> Laura Rosa<\/td>\n<td valign=\"top\"><strong>Cadeira 27<\/strong><br \/>\nArnaldo Ferreira<br \/>\n<strong>Fundador da Cadeira:<\/strong> Sousa Bispo<\/td>\n<td valign=\"top\"><strong>Cadeira 28<br \/>\n<\/strong><a href=\"http:\/\/www.academiamaranhense.org.br\/inf_aml\/jose-francisco-das-chagas\/\">Jos\u00e9 Chagas<\/a><br \/>\n<strong>Fundador da Cadeira:<\/strong> Carvalho Guimar\u00e3es<\/td>\n<\/tr>\n<tr>\n<td valign=\"top\"><strong>Cadeira 29<\/strong><br \/>\nViegas Netto<br \/>\n<strong>Fundador da Cadeira:<\/strong> Ruben Almeida<\/td>\n<td valign=\"top\"><strong>Cadeira 30<\/strong><br \/>\nAnt\u00f4nio de Oliveira<br \/>\n<strong>Fundador da Cadeira:<\/strong> Alarico da Cunha<\/td>\n<td valign=\"top\"><strong>Cadeira 31<br \/>\n<\/strong>Ronaldo Costa Fernandes<br \/>\n<strong>Fundador da Cadeira:<\/strong> Josu\u00e9 Montello<\/td>\n<td valign=\"top\"><strong>Cadeira 32<\/strong><br \/>\nF\u00e9lix Aires; Raymundo Carvalho Guimar\u00e3es;<br \/>\n<a href=\"http:\/\/www.academiamaranhense.org.br\/inf_aml\/salvio-dino-jesus-de-castro-e-costa\/\">S\u00e1lvio Dino<\/a><br \/>\n<strong>Fundadora da Cadeira:<\/strong> Mariana Luz<\/td>\n<\/tr>\n<tr>\n<td valign=\"top\"><strong>Cadeira 33<\/strong><br \/>\nCarlos Cunha; Lu\u00eds Carlos Bello Parga<br \/>\n<strong>Fundador da Cadeira:<\/strong> Viriato Corr\u00eaa<\/td>\n<td valign=\"top\"><strong>Cadeira 34<\/strong><br \/>\nCarlos Madeira<br \/>\n<strong>Fundador da Cadeira:<\/strong> A. Serra de Castro<\/td>\n<td valign=\"top\"><strong>Cadeira 35<\/strong><br \/>\nVera-Cruz Santana; Cl\u00f3vis Ramos<br \/>\n<strong>Fundador da Cadeira:<\/strong> Raul de Azevedo<\/td>\n<td valign=\"top\"><strong>Cadeira 36<br \/>\n<\/strong>Ubiratan Teixeira<br \/>\n<strong>Fundador da Cadeira:<\/strong> Bacelar Portela<\/td>\n<\/tr>\n<tr>\n<td valign=\"top\"><strong>Cadeira 37<\/strong><br \/>\nLuiz Viana; Amaral Raposo; Nascimento Morais Filho<br \/>\n<strong>Fundador da Cadeira:<\/strong> Ribamar Pereira<\/td>\n<td valign=\"top\"><strong>Cadeira 38<br \/>\n<\/strong><a href=\"http:\/\/www.academiamaranhense.org.br\/inf_aml\/jose-maria-cabral-marques\/\">Cabral Marques<\/a><br \/>\n<strong>Fundador da Cadeira:<\/strong> Franklin de Oliveira<\/td>\n<td valign=\"top\"><strong>Cadeira 39<\/strong><br \/>\nPedro Neiva de Santana; Pires Saboia<br \/>\n<strong>Fundador da Cadeira:<\/strong> Pedro Braga Filho<\/td>\n<td valign=\"top\"><strong>Cadeira 40<\/strong><br \/>\nAnt\u00f4nio Almeida<br \/>\n<strong>Fundador da Cadeira:<\/strong> Joaquim Luz<\/td>\n<\/tr>\n<\/tbody>\n<\/table>\n<\/div>\n","protected":false},"excerpt":{"rendered":"<p>Cadeira 1 Lu\u00eds Carvalho; \u00a0Antenor Bog\u00e9a Fundador da Cadeira: Barbosa de Godois Cadeira 2 Fernando Viana; Waldemiro Viana Fundador da Cadeira: Domingos Barbosa Cadeira 3 Jo\u00e3o da Costa Gomes; Assis Garrido; Jo\u00e3o Mohana e Amaral de Mattos Fundador da Cadeira: Ant\u00f4nio da Costa Gomes Cadeira 4 Luiz de Moraes R\u00eago Fundador da Cadeira: Justo Jansen [&hellip;]<\/p>\n","protected":false},"author":1,"featured_media":0,"parent":0,"menu_order":0,"comment_status":"open","ping_status":"open","template":"","meta":[],"_links":{"self":[{"href":"https:\/\/www.academiamaranhense.org.br\/inf_aml\/wp-json\/wp\/v2\/pages\/343"}],"collection":[{"href":"https:\/\/www.academiamaranhense.org.br\/inf_aml\/wp-json\/wp\/v2\/pages"}],"about":[{"href":"https:\/\/www.academiamaranhense.org.br\/inf_aml\/wp-json\/wp\/v2\/types\/page"}],"author":[{"embeddable":true,"href":"https:\/\/www.academiamaranhense.org.br\/inf_aml\/wp-json\/wp\/v2\/users\/1"}],"replies":[{"embeddable":true,"href":"https:\/\/www.academiamaranhense.org.br\/inf_aml\/wp-json\/wp\/v2\/comments?post=343"}],"version-history":[{"count":26,"href":"https:\/\/www.academiamaranhense.org.br\/inf_aml\/wp-json\/wp\/v2\/pages\/343\/revisions"}],"predecessor-version":[{"id":3388,"href":"https:\/\/www.academiamaranhense.org.br\/inf_aml\/wp-json\/wp\/v2\/pages\/343\/revisions\/3388"}],"wp:attachment":[{"href":"https:\/\/www.academiamaranhense.org.br\/inf_aml\/wp-json\/wp\/v2\/media?parent=343"}],"curies":[{"name":"wp","href":"https:\/\/api.w.org\/{rel}","templated":true}]}}