{"id":106,"date":"2014-08-01T14:07:37","date_gmt":"2014-08-01T14:07:37","guid":{"rendered":"http:\/\/www.academiamaranhense.org.br\/inf_aml\/?page_id=106"},"modified":"2014-09-09T11:48:44","modified_gmt":"2014-09-09T11:48:44","slug":"fundacao","status":"publish","type":"page","link":"https:\/\/www.academiamaranhense.org.br\/inf_aml\/fundacao\/","title":{"rendered":"Funda\u00e7\u00e3o"},"content":{"rendered":"<p>Fundada a 10 de agosto de 1908, por Ant\u00f4nio Lobo, Alfredo de Assis Castro, Astolfo Marques, Barbosa de God\u00f3is, Corr\u00eaa de Ara\u00fajo, Clodoaldo Freitas, Domingos Barbosa, Fran Paxeco, Godofredo Viana, I. Xavier de Carvalho, Ribeiro do Amaral e Armando Vieira da Silva.<\/p>\n<p>Considerada de utilidade p\u00fablica pelo Dec. N\u00ba 92, de 19.nov.1918, do governador Urbano Santos da Costa Ara\u00fajo. Determinava ainda esse ato que o Estado daria \u00e0 Academia \u201csede condigna, no edif\u00edcio a construir-se para a Biblioteca P\u00fablica\u201d, e que a Imprensa Oficial lhe editaria a Revista.<\/p>\n<p><strong>Sede pr\u00f3pria<\/strong>: im\u00f3vel constru\u00eddo para sediar a Escola de Primeiras Letras da Freguesia de Nossa Senhora da Vit\u00f3ria, e solenemente inaugurado a 28.jul.1874. Al\u00e9m de sediar, em \u00e9pocas diversas, diferentes escolas, esse im\u00f3vel abrigou, em duas ocasi\u00f5es, a Biblioteca P\u00fablica do Estado. Tinha tal fun\u00e7\u00e3o quando, em seu sal\u00e3o nobre, foi fundada a Academia, que nele passou a ter sua sede pr\u00f3pria, gra\u00e7as \u00e0 Lei N\u00ba 320, de 3.fev.1949, de iniciativa e san\u00e7\u00e3o do governador Sebasti\u00e3o Archer da Silva.<\/p>\n<p>&nbsp;<\/p>\n","protected":false},"excerpt":{"rendered":"<p>Fundada a 10 de agosto de 1908, por Ant\u00f4nio Lobo, Alfredo de Assis Castro, Astolfo Marques, Barbosa de God\u00f3is, Corr\u00eaa de Ara\u00fajo, Clodoaldo Freitas, Domingos Barbosa, Fran Paxeco, Godofredo Viana, I. Xavier de Carvalho, Ribeiro do Amaral e Armando Vieira da Silva. Considerada de utilidade p\u00fablica pelo Dec. N\u00ba 92, de 19.nov.1918, do governador Urbano [&hellip;]<\/p>\n","protected":false},"author":1,"featured_media":0,"parent":0,"menu_order":0,"comment_status":"open","ping_status":"open","template":"","meta":[],"_links":{"self":[{"href":"https:\/\/www.academiamaranhense.org.br\/inf_aml\/wp-json\/wp\/v2\/pages\/106"}],"collection":[{"href":"https:\/\/www.academiamaranhense.org.br\/inf_aml\/wp-json\/wp\/v2\/pages"}],"about":[{"href":"https:\/\/www.academiamaranhense.org.br\/inf_aml\/wp-json\/wp\/v2\/types\/page"}],"author":[{"embeddable":true,"href":"https:\/\/www.academiamaranhense.org.br\/inf_aml\/wp-json\/wp\/v2\/users\/1"}],"replies":[{"embeddable":true,"href":"https:\/\/www.academiamaranhense.org.br\/inf_aml\/wp-json\/wp\/v2\/comments?post=106"}],"version-history":[{"count":4,"href":"https:\/\/www.academiamaranhense.org.br\/inf_aml\/wp-json\/wp\/v2\/pages\/106\/revisions"}],"predecessor-version":[{"id":1077,"href":"https:\/\/www.academiamaranhense.org.br\/inf_aml\/wp-json\/wp\/v2\/pages\/106\/revisions\/1077"}],"wp:attachment":[{"href":"https:\/\/www.academiamaranhense.org.br\/inf_aml\/wp-json\/wp\/v2\/media?parent=106"}],"curies":[{"name":"wp","href":"https:\/\/api.w.org\/{rel}","templated":true}]}}